{"id":447,"date":"2017-10-11T12:37:52","date_gmt":"2017-10-11T10:37:52","guid":{"rendered":"https:\/\/diebrumanns.ch\/?page_id=447"},"modified":"2023-04-29T16:04:14","modified_gmt":"2023-04-29T14:04:14","slug":"reisen","status":"publish","type":"page","link":"https:\/\/diebrumanns.ch\/index.php\/reisen\/","title":{"rendered":"Reisen"},"content":{"rendered":"<div id=\"pl-447\"  class=\"panel-layout\" ><div id=\"pg-447-0\"  class=\"panel-grid panel-no-style\" ><div id=\"pgc-447-0-0\"  class=\"panel-grid-cell\" ><div id=\"panel-447-0-0-0\" class=\"so-panel widget widget_sow-editor panel-first-child panel-last-child\" data-index=\"0\" ><div\n\t\t\t\n\t\t\tclass=\"so-widget-sow-editor so-widget-sow-editor-base\"\n\t\t\t\n\t\t>\n<div class=\"siteorigin-widget-tinymce textwidget\">\n\t<p>Auf unseren Reisen durch verschiedene L\u00e4nder, sind viele sch\u00f6ne Bilder entstanden.<\/p>\n<p>Unter den verschiedenen Rubriken k\u00f6nnt ihr euch mal durchklicken.<\/p>\n<p>Viel Spass.<\/p>\n<\/div>\n<\/div><\/div><\/div><\/div><div id=\"pg-447-1\"  class=\"panel-grid panel-no-style\" ><div id=\"pgc-447-1-0\"  class=\"panel-grid-cell\" ><div id=\"panel-447-1-0-0\" class=\"so-panel widget widget_sow-image panel-first-child panel-last-child\" data-index=\"1\" ><div\n\t\t\t\n\t\t\tclass=\"so-widget-sow-image so-widget-sow-image-default-8b5b6f678277-447\"\n\t\t\t\n\t\t>\n<h1 class=\"widget-title\">Afrika<\/h1>\n<div class=\"sow-image-container\">\n\t\t\t<a href=\"https:\/\/diebrumanns.ch\/index.php\/reisen\/afrika\/\"\n\t\t\t\t\t>\n\t\t\t<img loading=\"lazy\" decoding=\"async\" src=\"https:\/\/diebrumanns.ch\/wp-content\/files\/231-613a-A99-04050.jpg\" width=\"1400\" height=\"934\" srcset=\"https:\/\/diebrumanns.ch\/wp-content\/files\/231-613a-A99-04050.jpg 1400w, https:\/\/diebrumanns.ch\/wp-content\/files\/231-613a-A99-04050-300x200.jpg 300w, https:\/\/diebrumanns.ch\/wp-content\/files\/231-613a-A99-04050-1024x683.jpg 1024w, https:\/\/diebrumanns.ch\/wp-content\/files\/231-613a-A99-04050-768x512.jpg 768w, https:\/\/diebrumanns.ch\/wp-content\/files\/231-613a-A99-04050-150x100.jpg 150w, https:\/\/diebrumanns.ch\/wp-content\/files\/231-613a-A99-04050-272x182.jpg 272w\" sizes=\"auto, (max-width: 1400px) 100vw, 1400px\" title=\"Afrika\" alt=\"\" \t\tclass=\"so-widget-image\"\/>\n\t<\/a><\/div>\n\n<\/div><\/div><\/div><div id=\"pgc-447-1-1\"  class=\"panel-grid-cell\" ><div id=\"panel-447-1-1-0\" class=\"so-panel widget widget_sow-image panel-first-child panel-last-child\" data-index=\"2\" ><div\n\t\t\t\n\t\t\tclass=\"so-widget-sow-image so-widget-sow-image-default-8b5b6f678277-447\"\n\t\t\t\n\t\t>\n<h1 class=\"widget-title\">Nordamerika<\/h1>\n<div class=\"sow-image-container\">\n\t\t\t<a href=\"https:\/\/diebrumanns.ch\/index.php\/reisen\/kanada\/\"\n\t\t\t\t\t>\n\t\t\t<img loading=\"lazy\" decoding=\"async\" src=\"https:\/\/diebrumanns.ch\/wp-content\/files\/2016_kanada02.jpg\" width=\"1400\" height=\"933\" srcset=\"https:\/\/diebrumanns.ch\/wp-content\/files\/2016_kanada02.jpg 1400w, https:\/\/diebrumanns.ch\/wp-content\/files\/2016_kanada02-300x200.jpg 300w, https:\/\/diebrumanns.ch\/wp-content\/files\/2016_kanada02-768x512.jpg 768w, https:\/\/diebrumanns.ch\/wp-content\/files\/2016_kanada02-1024x682.jpg 1024w, https:\/\/diebrumanns.ch\/wp-content\/files\/2016_kanada02-150x100.jpg 150w, https:\/\/diebrumanns.ch\/wp-content\/files\/2016_kanada02-272x182.jpg 272w\" sizes=\"auto, (max-width: 1400px) 100vw, 1400px\" title=\"Nordamerika\" alt=\"\" \t\tclass=\"so-widget-image\"\/>\n\t<\/a><\/div>\n\n<\/div><\/div><\/div><div id=\"pgc-447-1-2\"  class=\"panel-grid-cell\" ><div id=\"panel-447-1-2-0\" class=\"so-panel widget widget_sow-image panel-first-child panel-last-child\" data-index=\"3\" ><div\n\t\t\t\n\t\t\tclass=\"so-widget-sow-image so-widget-sow-image-default-8b5b6f678277-447\"\n\t\t\t\n\t\t>\n<h1 class=\"widget-title\">Mittelmeer<\/h1>\n<div class=\"sow-image-container\">\n\t\t\t<a href=\"https:\/\/diebrumanns.ch\/index.php\/reisen\/kroatien\/\"\n\t\t\t\t\t>\n\t\t\t<img loading=\"lazy\" decoding=\"async\" src=\"https:\/\/diebrumanns.ch\/wp-content\/files\/2017_kroatien02.jpg\" width=\"1400\" height=\"933\" srcset=\"https:\/\/diebrumanns.ch\/wp-content\/files\/2017_kroatien02.jpg 1400w, https:\/\/diebrumanns.ch\/wp-content\/files\/2017_kroatien02-300x200.jpg 300w, https:\/\/diebrumanns.ch\/wp-content\/files\/2017_kroatien02-768x512.jpg 768w, https:\/\/diebrumanns.ch\/wp-content\/files\/2017_kroatien02-1024x682.jpg 1024w, https:\/\/diebrumanns.ch\/wp-content\/files\/2017_kroatien02-150x100.jpg 150w, https:\/\/diebrumanns.ch\/wp-content\/files\/2017_kroatien02-272x182.jpg 272w\" sizes=\"auto, (max-width: 1400px) 100vw, 1400px\" title=\"Mittelmeer\" alt=\"\" \t\tclass=\"so-widget-image\"\/>\n\t<\/a><\/div>\n\n<\/div><\/div><\/div><div id=\"pgc-447-1-3\"  class=\"panel-grid-cell\" ><div id=\"panel-447-1-3-0\" class=\"so-panel widget widget_sow-image panel-first-child panel-last-child\" data-index=\"4\" ><div\n\t\t\t\n\t\t\tclass=\"so-widget-sow-image so-widget-sow-image-default-8b5b6f678277-447\"\n\t\t\t\n\t\t>\n<h1 class=\"widget-title\">Arabien<\/h1>\n<div class=\"sow-image-container\">\n\t\t\t<a href=\"https:\/\/diebrumanns.ch\/index.php\/bwg_gallery\/dubai\/\"\n\t\t\t\t\t>\n\t\t\t<img loading=\"lazy\" decoding=\"async\" src=\"https:\/\/diebrumanns.ch\/wp-content\/files\/125-614a-A99-06131.jpg\" width=\"1400\" height=\"934\" srcset=\"https:\/\/diebrumanns.ch\/wp-content\/files\/125-614a-A99-06131.jpg 1400w, https:\/\/diebrumanns.ch\/wp-content\/files\/125-614a-A99-06131-300x200.jpg 300w, https:\/\/diebrumanns.ch\/wp-content\/files\/125-614a-A99-06131-1024x683.jpg 1024w, https:\/\/diebrumanns.ch\/wp-content\/files\/125-614a-A99-06131-768x512.jpg 768w, https:\/\/diebrumanns.ch\/wp-content\/files\/125-614a-A99-06131-150x100.jpg 150w, https:\/\/diebrumanns.ch\/wp-content\/files\/125-614a-A99-06131-272x182.jpg 272w\" sizes=\"auto, (max-width: 1400px) 100vw, 1400px\" title=\"Arabien\" alt=\"\" \t\tclass=\"so-widget-image\"\/>\n\t<\/a><\/div>\n\n<\/div><\/div><\/div><div id=\"pgc-447-1-4\"  class=\"panel-grid-cell\" ><div id=\"panel-447-1-4-0\" class=\"so-panel widget widget_sow-image panel-first-child panel-last-child\" data-index=\"5\" ><div\n\t\t\t\n\t\t\tclass=\"so-widget-sow-image so-widget-sow-image-default-8b5b6f678277-447\"\n\t\t\t\n\t\t>\n<h1 class=\"widget-title\">Indischer Ozean<\/h1>\n<div class=\"sow-image-container\">\n\t\t\t<a href=\"https:\/\/diebrumanns.ch\/index.php\/bwg_gallery\/seychellen\/\"\n\t\t\t\t\t>\n\t\t\t<img loading=\"lazy\" decoding=\"async\" src=\"https:\/\/diebrumanns.ch\/wp-content\/files\/218-631aA99M2-04092.jpg\" width=\"1400\" height=\"934\" srcset=\"https:\/\/diebrumanns.ch\/wp-content\/files\/218-631aA99M2-04092.jpg 1400w, https:\/\/diebrumanns.ch\/wp-content\/files\/218-631aA99M2-04092-300x200.jpg 300w, https:\/\/diebrumanns.ch\/wp-content\/files\/218-631aA99M2-04092-1024x683.jpg 1024w, https:\/\/diebrumanns.ch\/wp-content\/files\/218-631aA99M2-04092-768x512.jpg 768w, https:\/\/diebrumanns.ch\/wp-content\/files\/218-631aA99M2-04092-150x100.jpg 150w, https:\/\/diebrumanns.ch\/wp-content\/files\/218-631aA99M2-04092-272x182.jpg 272w\" sizes=\"auto, (max-width: 1400px) 100vw, 1400px\" title=\"Indischer Ozean\" alt=\"\" \t\tclass=\"so-widget-image\"\/>\n\t<\/a><\/div>\n\n<\/div><\/div><\/div><\/div><div id=\"pg-447-2\"  class=\"panel-grid panel-no-style\" ><div id=\"pgc-447-2-0\"  class=\"panel-grid-cell\" ><div id=\"panel-447-2-0-0\" class=\"so-panel widget widget_sow-image panel-first-child panel-last-child\" data-index=\"6\" ><div\n\t\t\t\n\t\t\tclass=\"so-widget-sow-image so-widget-sow-image-default-8b5b6f678277-447\"\n\t\t\t\n\t\t>\n<h1 class=\"widget-title\">Asien<\/h1>\n<div class=\"sow-image-container\">\n\t\t\t<a href=\"https:\/\/diebrumanns.ch\/index.php\/bwg_gallery\/thailand-2023\/\"\n\t\t\t\t\t>\n\t\t\t<img loading=\"lazy\" decoding=\"async\" src=\"https:\/\/diebrumanns.ch\/wp-content\/files\/131-644aA99M2-08273.jpg\" width=\"1400\" height=\"934\" srcset=\"https:\/\/diebrumanns.ch\/wp-content\/files\/131-644aA99M2-08273.jpg 1400w, https:\/\/diebrumanns.ch\/wp-content\/files\/131-644aA99M2-08273-300x200.jpg 300w, https:\/\/diebrumanns.ch\/wp-content\/files\/131-644aA99M2-08273-1024x683.jpg 1024w, https:\/\/diebrumanns.ch\/wp-content\/files\/131-644aA99M2-08273-768x512.jpg 768w, https:\/\/diebrumanns.ch\/wp-content\/files\/131-644aA99M2-08273-150x100.jpg 150w, https:\/\/diebrumanns.ch\/wp-content\/files\/131-644aA99M2-08273-272x182.jpg 272w\" sizes=\"auto, (max-width: 1400px) 100vw, 1400px\" title=\"Asien\" alt=\"\" \t\tclass=\"so-widget-image\"\/>\n\t<\/a><\/div>\n\n<\/div><\/div><\/div><div id=\"pgc-447-2-1\"  class=\"panel-grid-cell\" ><div id=\"panel-447-2-1-0\" class=\"so-panel widget widget_sow-image panel-first-child panel-last-child\" data-index=\"7\" ><div\n\t\t\t\n\t\t\tclass=\"so-widget-sow-image so-widget-sow-image-default-8b5b6f678277-447\"\n\t\t\t\n\t\t>\n<h1 class=\"widget-title\">Schweiz \/ Europa<\/h1>\n<div class=\"sow-image-container\">\n\t\t\t<a href=\"https:\/\/diebrumanns.ch\/index.php\/reisen\/schweiz-europa\/\"\n\t\t\t\t\t>\n\t\t\t<img loading=\"lazy\" decoding=\"async\" src=\"https:\/\/diebrumanns.ch\/wp-content\/files\/06-PBRRX100-02364-scaled.jpg\" width=\"2560\" height=\"1707\" srcset=\"https:\/\/diebrumanns.ch\/wp-content\/files\/06-PBRRX100-02364-scaled.jpg 2560w, https:\/\/diebrumanns.ch\/wp-content\/files\/06-PBRRX100-02364-300x200.jpg 300w, https:\/\/diebrumanns.ch\/wp-content\/files\/06-PBRRX100-02364-1024x683.jpg 1024w, https:\/\/diebrumanns.ch\/wp-content\/files\/06-PBRRX100-02364-768x512.jpg 768w, https:\/\/diebrumanns.ch\/wp-content\/files\/06-PBRRX100-02364-1536x1024.jpg 1536w, https:\/\/diebrumanns.ch\/wp-content\/files\/06-PBRRX100-02364-2048x1365.jpg 2048w, https:\/\/diebrumanns.ch\/wp-content\/files\/06-PBRRX100-02364-150x100.jpg 150w, https:\/\/diebrumanns.ch\/wp-content\/files\/06-PBRRX100-02364-272x182.jpg 272w\" sizes=\"auto, (max-width: 2560px) 100vw, 2560px\" title=\"Schweiz \/ Europa\" alt=\"\" \t\tclass=\"so-widget-image\"\/>\n\t<\/a><\/div>\n\n<\/div><\/div><\/div><div id=\"pgc-447-2-2\"  class=\"panel-grid-cell panel-grid-cell-empty\" ><\/div><div id=\"pgc-447-2-3\"  class=\"panel-grid-cell panel-grid-cell-empty panel-grid-cell-mobile-last\" ><\/div><div id=\"pgc-447-2-4\"  class=\"panel-grid-cell panel-grid-cell-empty\" ><\/div><\/div><\/div>","protected":false},"excerpt":{"rendered":"<p>Auf unseren Reisen durch verschiedene L\u00e4nder, sind viele sch\u00f6ne Bilder entstanden. Unter den verschiedenen Rubriken k\u00f6nnt ihr euch mal durchklicken. Viel Spass.<\/p>\n<p> <a class=\"continue-reading-link\" href=\"https:\/\/diebrumanns.ch\/index.php\/reisen\/\"><span>Continue reading<\/span><i class=\"crycon-right-dir\"><\/i><\/a> <\/p>\n","protected":false},"author":1,"featured_media":0,"parent":0,"menu_order":0,"comment_status":"closed","ping_status":"closed","template":"","meta":{"_exactmetrics_skip_tracking":false,"_exactmetrics_sitenote_active":false,"_exactmetrics_sitenote_note":"","_exactmetrics_sitenote_category":0,"footnotes":""},"class_list":["post-447","page","type-page","status-publish","hentry"],"_links":{"self":[{"href":"https:\/\/diebrumanns.ch\/index.php\/wp-json\/wp\/v2\/pages\/447","targetHints":{"allow":["GET"]}}],"collection":[{"href":"https:\/\/diebrumanns.ch\/index.php\/wp-json\/wp\/v2\/pages"}],"about":[{"href":"https:\/\/diebrumanns.ch\/index.php\/wp-json\/wp\/v2\/types\/page"}],"author":[{"embeddable":true,"href":"https:\/\/diebrumanns.ch\/index.php\/wp-json\/wp\/v2\/users\/1"}],"replies":[{"embeddable":true,"href":"https:\/\/diebrumanns.ch\/index.php\/wp-json\/wp\/v2\/comments?post=447"}],"version-history":[{"count":82,"href":"https:\/\/diebrumanns.ch\/index.php\/wp-json\/wp\/v2\/pages\/447\/revisions"}],"predecessor-version":[{"id":3591,"href":"https:\/\/diebrumanns.ch\/index.php\/wp-json\/wp\/v2\/pages\/447\/revisions\/3591"}],"wp:attachment":[{"href":"https:\/\/diebrumanns.ch\/index.php\/wp-json\/wp\/v2\/media?parent=447"}],"curies":[{"name":"wp","href":"https:\/\/api.w.org\/{rel}","templated":true}]}}