{"id":41,"date":"2017-07-31T12:00:58","date_gmt":"2017-07-31T10:00:58","guid":{"rendered":"https:\/\/www.fussreflexmassage-wohlen.ch\/?page_id=41"},"modified":"2022-06-23T19:41:51","modified_gmt":"2022-06-23T17:41:51","slug":"kontakt-impressum","status":"publish","type":"page","link":"https:\/\/diebrumanns.ch\/index.php\/kontakt-impressum\/","title":{"rendered":"Kontakt \/ Impressum"},"content":{"rendered":"<div id=\"pl-41\"  class=\"panel-layout\" ><div id=\"pg-41-0\"  class=\"panel-grid panel-no-style\" ><div id=\"pgc-41-0-0\"  class=\"panel-grid-cell panel-grid-cell-empty\" ><\/div><\/div><div id=\"pg-41-1\"  class=\"panel-grid panel-no-style\" ><div id=\"pgc-41-1-0\"  class=\"panel-grid-cell\" ><div id=\"panel-41-1-0-0\" class=\"so-panel widget widget_sow-editor panel-first-child panel-last-child\" data-index=\"0\" ><div\n\t\t\t\n\t\t\tclass=\"so-widget-sow-editor so-widget-sow-editor-base\"\n\t\t\t\n\t\t>\n<div class=\"siteorigin-widget-tinymce textwidget\">\n\t<p>Peter Brumann<br \/>\nHaldensteig 13<br \/>\n5610 Wohlen<br \/>\npeter@diebrumanns.ch<\/p>\n<p>und<\/p>\n<p>Daniel Brumann<br \/>\nHaldensteig 13<br \/>\n5610 Wohlen<br \/>\ndaniel@diebrumanns.ch<\/p>\n<h1><\/h1>\n<p>&nbsp;<\/p>\n<h1>ALLGEMEINES<\/h1>\n<p>Alle Fotos auf dieser Website sind das ausschliessliche Eigentum von Peter und Daniel Brumann und unterliegen dem Urheberrecht<\/p>\n<p>Die Nutzung der Website http:\/\/www.diebrumanns.ch setzt die vollst\u00e4ndige Akzeptanz der nachstehend beschriebenen allgemeinen Nutzungsbedingungen voraus. Diese Nutzungsbedingungen k\u00f6nnen jederzeit ge\u00e4ndert oder erg\u00e4nzt werden.<\/p>\n<p>&nbsp;<\/p>\n<p>GEISTIGE EIGENSCHAFTEN UND VERLETZUNGEN<\/p>\n<p>Peter und Daniel Brumann besitzen die Rechte an geistigem Eigentum oder die Rechte zur Nutzung aller auf der Website zug\u00e4nglichen Elemente, insbesondere der Texte und Bilder.<br \/>\nJede Ver\u00f6ffentlichung, Anpassung, Vervielf\u00e4ltigung aller oder eines Teils der Elemente dieser Website, ist ohne vorherige schriftliche Zustimmung untersagt.<\/p>\n<p>&nbsp;<\/p>\n<p>URHEBERRECHTE \u00a9<\/p>\n<p>Alle Fotos dieser Webseite sind urheberrechtlich gesch\u00fctzte Werke im Sinne der URG (Bundesgesetz vom 9. Oktober 1992 Stand 1. April 2020).<\/p>\n<p>&nbsp;<\/p>\n<\/div>\n<\/div><\/div><\/div><\/div><\/div>","protected":false},"excerpt":{"rendered":"<p>Peter Brumann Haldensteig 13 5610 Wohlen peter@diebrumanns.ch und Daniel Brumann Haldensteig 13 5610 Wohlen daniel@diebrumanns.ch &nbsp; ALLGEMEINES Alle Fotos auf dieser Website sind das ausschliessliche Eigentum von Peter und Daniel Brumann und unterliegen dem Urheberrecht Die Nutzung der Website http:\/\/www.diebrumanns.ch setzt die vollst\u00e4ndige Akzeptanz der nachstehend beschriebenen allgemeinen Nutzungsbedingungen voraus.\u2026<\/p>\n<p> <a class=\"continue-reading-link\" href=\"https:\/\/diebrumanns.ch\/index.php\/kontakt-impressum\/\"><span>Continue reading<\/span><i class=\"crycon-right-dir\"><\/i><\/a> <\/p>\n","protected":false},"author":1,"featured_media":0,"parent":0,"menu_order":0,"comment_status":"closed","ping_status":"closed","template":"","meta":{"_exactmetrics_skip_tracking":false,"_exactmetrics_sitenote_active":false,"_exactmetrics_sitenote_note":"","_exactmetrics_sitenote_category":0,"footnotes":""},"class_list":["post-41","page","type-page","status-publish","hentry"],"_links":{"self":[{"href":"https:\/\/diebrumanns.ch\/index.php\/wp-json\/wp\/v2\/pages\/41","targetHints":{"allow":["GET"]}}],"collection":[{"href":"https:\/\/diebrumanns.ch\/index.php\/wp-json\/wp\/v2\/pages"}],"about":[{"href":"https:\/\/diebrumanns.ch\/index.php\/wp-json\/wp\/v2\/types\/page"}],"author":[{"embeddable":true,"href":"https:\/\/diebrumanns.ch\/index.php\/wp-json\/wp\/v2\/users\/1"}],"replies":[{"embeddable":true,"href":"https:\/\/diebrumanns.ch\/index.php\/wp-json\/wp\/v2\/comments?post=41"}],"version-history":[{"count":52,"href":"https:\/\/diebrumanns.ch\/index.php\/wp-json\/wp\/v2\/pages\/41\/revisions"}],"predecessor-version":[{"id":3522,"href":"https:\/\/diebrumanns.ch\/index.php\/wp-json\/wp\/v2\/pages\/41\/revisions\/3522"}],"wp:attachment":[{"href":"https:\/\/diebrumanns.ch\/index.php\/wp-json\/wp\/v2\/media?parent=41"}],"curies":[{"name":"wp","href":"https:\/\/api.w.org\/{rel}","templated":true}]}}