{"id":1615,"date":"2019-11-25T17:04:15","date_gmt":"2019-11-25T16:04:15","guid":{"rendered":"https:\/\/diebrumanns.ch\/?page_id=1615"},"modified":"2020-09-26T09:38:14","modified_gmt":"2020-09-26T07:38:14","slug":"arabische-halbinsel","status":"publish","type":"page","link":"https:\/\/diebrumanns.ch\/index.php\/reisen\/arabische-halbinsel\/","title":{"rendered":"Arabische Halbinsel"},"content":{"rendered":"<div id=\"pl-1615\"  class=\"panel-layout\" ><div id=\"pg-1615-0\"  class=\"panel-grid panel-no-style\" ><div id=\"pgc-1615-0-0\"  class=\"panel-grid-cell\" ><div id=\"panel-1615-0-0-0\" class=\"so-panel widget widget_sow-editor panel-first-child panel-last-child\" data-index=\"0\" ><div\n\t\t\t\n\t\t\tclass=\"so-widget-sow-editor so-widget-sow-editor-base\"\n\t\t\t\n\t\t>\n<div class=\"siteorigin-widget-tinymce textwidget\">\n\t<p>Auf unseren Reisen durch verschiedene L\u00e4nder, sind viele sch\u00f6ne Bilder entstanden.<\/p>\n<p>Unter den verschiedenen Rubriken k\u00f6nnt ihr euch mal durchklicken.<\/p>\n<p>Viel Spass.<\/p>\n<\/div>\n<\/div><\/div><\/div><\/div><div id=\"pg-1615-1\"  class=\"panel-grid panel-no-style\" ><div id=\"pgc-1615-1-0\"  class=\"panel-grid-cell\" ><div id=\"panel-1615-1-0-0\" class=\"so-panel widget widget_sow-image panel-first-child panel-last-child\" data-index=\"1\" ><div\n\t\t\t\n\t\t\tclass=\"so-widget-sow-image so-widget-sow-image-default-8b5b6f678277-1615\"\n\t\t\t\n\t\t>\n<h1 class=\"widget-title\">Dubai<\/h1>\n<div class=\"sow-image-container\">\n\t\t\t<a href=\"https:\/\/diebrumanns.ch\/index.php\/bwg_gallery\/dubai\/\"\n\t\t\t\t\t>\n\t\t\t<img loading=\"lazy\" decoding=\"async\" src=\"https:\/\/diebrumanns.ch\/wp-content\/files\/107-614a-A99-05688.jpg\" width=\"1400\" height=\"934\" srcset=\"https:\/\/diebrumanns.ch\/wp-content\/files\/107-614a-A99-05688.jpg 1400w, https:\/\/diebrumanns.ch\/wp-content\/files\/107-614a-A99-05688-300x200.jpg 300w, https:\/\/diebrumanns.ch\/wp-content\/files\/107-614a-A99-05688-1024x683.jpg 1024w, https:\/\/diebrumanns.ch\/wp-content\/files\/107-614a-A99-05688-768x512.jpg 768w, https:\/\/diebrumanns.ch\/wp-content\/files\/107-614a-A99-05688-150x100.jpg 150w, https:\/\/diebrumanns.ch\/wp-content\/files\/107-614a-A99-05688-272x182.jpg 272w\" sizes=\"auto, (max-width: 1400px) 100vw, 1400px\" title=\"Dubai\" alt=\"\" \t\tclass=\"so-widget-image\"\/>\n\t<\/a><\/div>\n\n<\/div><\/div><\/div><div id=\"pgc-1615-1-1\"  class=\"panel-grid-cell panel-grid-cell-empty\" ><\/div><div id=\"pgc-1615-1-2\"  class=\"panel-grid-cell panel-grid-cell-empty\" ><\/div><div id=\"pgc-1615-1-3\"  class=\"panel-grid-cell panel-grid-cell-empty panel-grid-cell-mobile-last\" ><\/div><div id=\"pgc-1615-1-4\"  class=\"panel-grid-cell panel-grid-cell-empty\" ><\/div><\/div><\/div>","protected":false},"excerpt":{"rendered":"<p>Auf unseren Reisen durch verschiedene L\u00e4nder, sind viele sch\u00f6ne Bilder entstanden. Unter den verschiedenen Rubriken k\u00f6nnt ihr euch mal durchklicken. Viel Spass.<\/p>\n<p> <a class=\"continue-reading-link\" href=\"https:\/\/diebrumanns.ch\/index.php\/reisen\/arabische-halbinsel\/\"><span>Continue reading<\/span><i class=\"crycon-right-dir\"><\/i><\/a> <\/p>\n","protected":false},"author":2,"featured_media":0,"parent":447,"menu_order":0,"comment_status":"closed","ping_status":"closed","template":"","meta":{"_exactmetrics_skip_tracking":false,"_exactmetrics_sitenote_active":false,"_exactmetrics_sitenote_note":"","_exactmetrics_sitenote_category":0,"footnotes":""},"class_list":["post-1615","page","type-page","status-publish","hentry"],"_links":{"self":[{"href":"https:\/\/diebrumanns.ch\/index.php\/wp-json\/wp\/v2\/pages\/1615","targetHints":{"allow":["GET"]}}],"collection":[{"href":"https:\/\/diebrumanns.ch\/index.php\/wp-json\/wp\/v2\/pages"}],"about":[{"href":"https:\/\/diebrumanns.ch\/index.php\/wp-json\/wp\/v2\/types\/page"}],"author":[{"embeddable":true,"href":"https:\/\/diebrumanns.ch\/index.php\/wp-json\/wp\/v2\/users\/2"}],"replies":[{"embeddable":true,"href":"https:\/\/diebrumanns.ch\/index.php\/wp-json\/wp\/v2\/comments?post=1615"}],"version-history":[{"count":5,"href":"https:\/\/diebrumanns.ch\/index.php\/wp-json\/wp\/v2\/pages\/1615\/revisions"}],"predecessor-version":[{"id":2164,"href":"https:\/\/diebrumanns.ch\/index.php\/wp-json\/wp\/v2\/pages\/1615\/revisions\/2164"}],"up":[{"embeddable":true,"href":"https:\/\/diebrumanns.ch\/index.php\/wp-json\/wp\/v2\/pages\/447"}],"wp:attachment":[{"href":"https:\/\/diebrumanns.ch\/index.php\/wp-json\/wp\/v2\/media?parent=1615"}],"curies":[{"name":"wp","href":"https:\/\/api.w.org\/{rel}","templated":true}]}}