{"id":1611,"date":"2019-11-25T16:51:50","date_gmt":"2019-11-25T15:51:50","guid":{"rendered":"https:\/\/diebrumanns.ch\/?page_id=1611"},"modified":"2025-07-31T16:23:01","modified_gmt":"2025-07-31T14:23:01","slug":"afrika","status":"publish","type":"page","link":"https:\/\/diebrumanns.ch\/index.php\/reisen\/afrika\/","title":{"rendered":"Afrika"},"content":{"rendered":"<div id=\"pl-1611\"  class=\"panel-layout\" ><div id=\"pg-1611-0\"  class=\"panel-grid panel-no-style\" ><div id=\"pgc-1611-0-0\"  class=\"panel-grid-cell\" ><div id=\"panel-1611-0-0-0\" class=\"so-panel widget widget_sow-editor panel-first-child panel-last-child\" data-index=\"0\" ><div\n\t\t\t\n\t\t\tclass=\"so-widget-sow-editor so-widget-sow-editor-base\"\n\t\t\t\n\t\t>\n<div class=\"siteorigin-widget-tinymce textwidget\">\n\t<p>Auf unseren Reisen durch verschiedene L\u00e4nder, sind viele sch\u00f6ne Bilder entstanden.<\/p>\n<p>Unter den verschiedenen Rubriken k\u00f6nnt ihr euch mal durchklicken.<\/p>\n<p>Viel Spass.<\/p>\n<\/div>\n<\/div><\/div><\/div><\/div><div id=\"pg-1611-1\"  class=\"panel-grid panel-no-style\" ><div id=\"pgc-1611-1-0\"  class=\"panel-grid-cell\" ><div id=\"panel-1611-1-0-0\" class=\"so-panel widget widget_sow-image panel-first-child panel-last-child\" data-index=\"1\" ><div\n\t\t\t\n\t\t\tclass=\"so-widget-sow-image so-widget-sow-image-default-8b5b6f678277-1611\"\n\t\t\t\n\t\t>\n<h1 class=\"widget-title\">S\u00fcdafrika 2017<\/h1>\n<div class=\"sow-image-container\">\n\t\t\t<a href=\"https:\/\/diebrumanns.ch\/index.php\/suedafrika\/\"\n\t\t\t\t\t>\n\t\t\t<img loading=\"lazy\" decoding=\"async\" src=\"https:\/\/diebrumanns.ch\/wp-content\/files\/2017_suedafrika01.jpg\" width=\"1400\" height=\"760\" srcset=\"https:\/\/diebrumanns.ch\/wp-content\/files\/2017_suedafrika01.jpg 1400w, https:\/\/diebrumanns.ch\/wp-content\/files\/2017_suedafrika01-300x163.jpg 300w, https:\/\/diebrumanns.ch\/wp-content\/files\/2017_suedafrika01-768x417.jpg 768w, https:\/\/diebrumanns.ch\/wp-content\/files\/2017_suedafrika01-1024x556.jpg 1024w, https:\/\/diebrumanns.ch\/wp-content\/files\/2017_suedafrika01-150x81.jpg 150w\" sizes=\"auto, (max-width: 1400px) 100vw, 1400px\" title=\"S\u00fcdafrika 2017\" alt=\"\" \t\tclass=\"so-widget-image\"\/>\n\t<\/a><\/div>\n\n<\/div><\/div><\/div><div id=\"pgc-1611-1-1\"  class=\"panel-grid-cell\" ><div id=\"panel-1611-1-1-0\" class=\"so-panel widget widget_sow-image panel-first-child panel-last-child\" data-index=\"2\" ><div\n\t\t\t\n\t\t\tclass=\"so-widget-sow-image so-widget-sow-image-default-8b5b6f678277-1611\"\n\t\t\t\n\t\t>\n<h1 class=\"widget-title\">Uganda 2018<\/h1>\n<div class=\"sow-image-container\">\n\t\t\t<a href=\"https:\/\/diebrumanns.ch\/index.php\/reisen\/afrika\/uganda\/\"\n\t\t\t\t\t>\n\t\t\t<img loading=\"lazy\" decoding=\"async\" src=\"https:\/\/diebrumanns.ch\/wp-content\/files\/121-610a-A99-03230.jpg\" width=\"1400\" height=\"934\" srcset=\"https:\/\/diebrumanns.ch\/wp-content\/files\/121-610a-A99-03230.jpg 1400w, https:\/\/diebrumanns.ch\/wp-content\/files\/121-610a-A99-03230-300x200.jpg 300w, https:\/\/diebrumanns.ch\/wp-content\/files\/121-610a-A99-03230-1024x683.jpg 1024w, https:\/\/diebrumanns.ch\/wp-content\/files\/121-610a-A99-03230-768x512.jpg 768w, https:\/\/diebrumanns.ch\/wp-content\/files\/121-610a-A99-03230-150x100.jpg 150w, https:\/\/diebrumanns.ch\/wp-content\/files\/121-610a-A99-03230-272x182.jpg 272w\" sizes=\"auto, (max-width: 1400px) 100vw, 1400px\" title=\"Uganda 2018\" alt=\"\" \t\tclass=\"so-widget-image\"\/>\n\t<\/a><\/div>\n\n<\/div><\/div><\/div><div id=\"pgc-1611-1-2\"  class=\"panel-grid-cell\" ><div id=\"panel-1611-1-2-0\" class=\"so-panel widget widget_sow-image panel-first-child panel-last-child\" data-index=\"3\" ><div\n\t\t\t\n\t\t\tclass=\"so-widget-sow-image so-widget-sow-image-default-8b5b6f678277-1611\"\n\t\t\t\n\t\t>\n<h1 class=\"widget-title\">Uganda 2019<\/h1>\n<div class=\"sow-image-container\">\n\t\t\t<a href=\"https:\/\/diebrumanns.ch\/index.php\/bwg_gallery\/uganda-2019\/\"\n\t\t\t\t\t>\n\t\t\t<img loading=\"lazy\" decoding=\"async\" src=\"https:\/\/diebrumanns.ch\/wp-content\/files\/143-623aA99M2-01158-Pano.jpg\" width=\"1400\" height=\"511\" srcset=\"https:\/\/diebrumanns.ch\/wp-content\/files\/143-623aA99M2-01158-Pano.jpg 1400w, https:\/\/diebrumanns.ch\/wp-content\/files\/143-623aA99M2-01158-Pano-300x110.jpg 300w, https:\/\/diebrumanns.ch\/wp-content\/files\/143-623aA99M2-01158-Pano-1024x374.jpg 1024w, https:\/\/diebrumanns.ch\/wp-content\/files\/143-623aA99M2-01158-Pano-768x280.jpg 768w, https:\/\/diebrumanns.ch\/wp-content\/files\/143-623aA99M2-01158-Pano-150x55.jpg 150w\" sizes=\"auto, (max-width: 1400px) 100vw, 1400px\" title=\"Uganda 2019\" alt=\"\" \t\tclass=\"so-widget-image\"\/>\n\t<\/a><\/div>\n\n<\/div><\/div><\/div><div id=\"pgc-1611-1-3\"  class=\"panel-grid-cell\" ><div id=\"panel-1611-1-3-0\" class=\"so-panel widget widget_sow-image panel-first-child panel-last-child\" data-index=\"4\" ><div\n\t\t\t\n\t\t\tclass=\"so-widget-sow-image so-widget-sow-image-default-8b5b6f678277-1611\"\n\t\t\t\n\t\t>\n<h1 class=\"widget-title\">Uganda 2023<\/h1>\n<div class=\"sow-image-container\">\n\t\t\t<a href=\"https:\/\/diebrumanns.ch\/index.php\/bwg_gallery\/uganda-2023\/\"\n\t\t\t\t\t>\n\t\t\t<img loading=\"lazy\" decoding=\"async\" src=\"https:\/\/diebrumanns.ch\/wp-content\/files\/221-703A99-02514-Bearbeitet.jpg\" width=\"1400\" height=\"891\" srcset=\"https:\/\/diebrumanns.ch\/wp-content\/files\/221-703A99-02514-Bearbeitet.jpg 1400w, https:\/\/diebrumanns.ch\/wp-content\/files\/221-703A99-02514-Bearbeitet-300x191.jpg 300w, https:\/\/diebrumanns.ch\/wp-content\/files\/221-703A99-02514-Bearbeitet-1024x652.jpg 1024w, https:\/\/diebrumanns.ch\/wp-content\/files\/221-703A99-02514-Bearbeitet-768x489.jpg 768w, https:\/\/diebrumanns.ch\/wp-content\/files\/221-703A99-02514-Bearbeitet-150x95.jpg 150w\" sizes=\"auto, (max-width: 1400px) 100vw, 1400px\" title=\"Uganda 2023\" alt=\"\" \t\tclass=\"so-widget-image\"\/>\n\t<\/a><\/div>\n\n<\/div><\/div><\/div><div id=\"pgc-1611-1-4\"  class=\"panel-grid-cell\" ><div id=\"panel-1611-1-4-0\" class=\"so-panel widget widget_sow-image panel-first-child panel-last-child\" data-index=\"5\" ><div\n\t\t\t\n\t\t\tclass=\"so-widget-sow-image so-widget-sow-image-default-8b5b6f678277-1611\"\n\t\t\t\n\t\t>\n<h1 class=\"widget-title\">Namibia 2025<\/h1>\n<div class=\"sow-image-container\">\n\t\t\t<a href=\"https:\/\/diebrumanns.ch\/index.php\/bwg_gallery\/namibia-2025\/\"\n\t\t\t\t\t>\n\t\t\t<img loading=\"lazy\" decoding=\"async\" src=\"https:\/\/diebrumanns.ch\/wp-content\/files\/014-1002A99M2-06424-scaled.jpg\" width=\"2560\" height=\"1496\" srcset=\"https:\/\/diebrumanns.ch\/wp-content\/files\/014-1002A99M2-06424-scaled.jpg 2560w, https:\/\/diebrumanns.ch\/wp-content\/files\/014-1002A99M2-06424-300x175.jpg 300w, https:\/\/diebrumanns.ch\/wp-content\/files\/014-1002A99M2-06424-1024x598.jpg 1024w, https:\/\/diebrumanns.ch\/wp-content\/files\/014-1002A99M2-06424-768x449.jpg 768w, https:\/\/diebrumanns.ch\/wp-content\/files\/014-1002A99M2-06424-1536x898.jpg 1536w, https:\/\/diebrumanns.ch\/wp-content\/files\/014-1002A99M2-06424-2048x1197.jpg 2048w, https:\/\/diebrumanns.ch\/wp-content\/files\/014-1002A99M2-06424-150x88.jpg 150w\" sizes=\"auto, (max-width: 2560px) 100vw, 2560px\" title=\"Namibia 2025\" alt=\"\" \t\tclass=\"so-widget-image\"\/>\n\t<\/a><\/div>\n\n<\/div><\/div><\/div><\/div><div id=\"pg-1611-2\"  class=\"panel-grid panel-no-style\" ><div id=\"pgc-1611-2-0\"  class=\"panel-grid-cell\" ><div id=\"panel-1611-2-0-0\" class=\"so-panel widget widget_sow-image panel-first-child panel-last-child\" data-index=\"6\" ><div\n\t\t\t\n\t\t\tclass=\"so-widget-sow-image so-widget-sow-image-default-8b5b6f678277-1611\"\n\t\t\t\n\t\t>\n<h1 class=\"widget-title\">S\u00fcdafrika 2025<\/h1>\n<div class=\"sow-image-container\">\n\t\t\t<a href=\"https:\/\/diebrumanns.ch\/index.php\/bwg_gallery\/suedafrika-2025\/\"\n\t\t\t\t\t>\n\t\t\t<img loading=\"lazy\" decoding=\"async\" src=\"https:\/\/diebrumanns.ch\/wp-content\/files\/014-1002A99M2-06424-scaled.jpg\" width=\"2560\" height=\"1496\" srcset=\"https:\/\/diebrumanns.ch\/wp-content\/files\/014-1002A99M2-06424-scaled.jpg 2560w, https:\/\/diebrumanns.ch\/wp-content\/files\/014-1002A99M2-06424-300x175.jpg 300w, https:\/\/diebrumanns.ch\/wp-content\/files\/014-1002A99M2-06424-1024x598.jpg 1024w, https:\/\/diebrumanns.ch\/wp-content\/files\/014-1002A99M2-06424-768x449.jpg 768w, https:\/\/diebrumanns.ch\/wp-content\/files\/014-1002A99M2-06424-1536x898.jpg 1536w, https:\/\/diebrumanns.ch\/wp-content\/files\/014-1002A99M2-06424-2048x1197.jpg 2048w, https:\/\/diebrumanns.ch\/wp-content\/files\/014-1002A99M2-06424-150x88.jpg 150w\" sizes=\"auto, (max-width: 2560px) 100vw, 2560px\" title=\"S\u00fcdafrika 2025\" alt=\"\" \t\tclass=\"so-widget-image\"\/>\n\t<\/a><\/div>\n\n<\/div><\/div><\/div><div id=\"pgc-1611-2-1\"  class=\"panel-grid-cell panel-grid-cell-empty\" ><\/div><div id=\"pgc-1611-2-2\"  class=\"panel-grid-cell panel-grid-cell-empty\" ><\/div><div id=\"pgc-1611-2-3\"  class=\"panel-grid-cell panel-grid-cell-empty panel-grid-cell-mobile-last\" ><\/div><div id=\"pgc-1611-2-4\"  class=\"panel-grid-cell panel-grid-cell-empty\" ><\/div><\/div><\/div>","protected":false},"excerpt":{"rendered":"<p>Auf unseren Reisen durch verschiedene L\u00e4nder, sind viele sch\u00f6ne Bilder entstanden. Unter den verschiedenen Rubriken k\u00f6nnt ihr euch mal durchklicken. Viel Spass.<\/p>\n<p> <a class=\"continue-reading-link\" href=\"https:\/\/diebrumanns.ch\/index.php\/reisen\/afrika\/\"><span>Continue reading<\/span><i class=\"crycon-right-dir\"><\/i><\/a> <\/p>\n","protected":false},"author":2,"featured_media":0,"parent":447,"menu_order":0,"comment_status":"closed","ping_status":"closed","template":"","meta":{"_exactmetrics_skip_tracking":false,"_exactmetrics_sitenote_active":false,"_exactmetrics_sitenote_note":"","_exactmetrics_sitenote_category":0,"footnotes":""},"class_list":["post-1611","page","type-page","status-publish","hentry"],"_links":{"self":[{"href":"https:\/\/diebrumanns.ch\/index.php\/wp-json\/wp\/v2\/pages\/1611","targetHints":{"allow":["GET"]}}],"collection":[{"href":"https:\/\/diebrumanns.ch\/index.php\/wp-json\/wp\/v2\/pages"}],"about":[{"href":"https:\/\/diebrumanns.ch\/index.php\/wp-json\/wp\/v2\/types\/page"}],"author":[{"embeddable":true,"href":"https:\/\/diebrumanns.ch\/index.php\/wp-json\/wp\/v2\/users\/2"}],"replies":[{"embeddable":true,"href":"https:\/\/diebrumanns.ch\/index.php\/wp-json\/wp\/v2\/comments?post=1611"}],"version-history":[{"count":28,"href":"https:\/\/diebrumanns.ch\/index.php\/wp-json\/wp\/v2\/pages\/1611\/revisions"}],"predecessor-version":[{"id":3908,"href":"https:\/\/diebrumanns.ch\/index.php\/wp-json\/wp\/v2\/pages\/1611\/revisions\/3908"}],"up":[{"embeddable":true,"href":"https:\/\/diebrumanns.ch\/index.php\/wp-json\/wp\/v2\/pages\/447"}],"wp:attachment":[{"href":"https:\/\/diebrumanns.ch\/index.php\/wp-json\/wp\/v2\/media?parent=1611"}],"curies":[{"name":"wp","href":"https:\/\/api.w.org\/{rel}","templated":true}]}}