{"id":15,"date":"2017-07-31T10:59:27","date_gmt":"2017-07-31T08:59:27","guid":{"rendered":"https:\/\/www.fussreflexmassage-wohlen.ch\/?page_id=15"},"modified":"2023-04-29T15:32:09","modified_gmt":"2023-04-29T13:32:09","slug":"home","status":"publish","type":"page","link":"https:\/\/diebrumanns.ch\/","title":{"rendered":"Home"},"content":{"rendered":"<div id=\"pl-15\"  class=\"panel-layout\" ><div id=\"pg-15-0\"  class=\"panel-grid panel-no-style\" ><div id=\"pgc-15-0-0\"  class=\"panel-grid-cell\" ><div id=\"panel-15-0-0-0\" class=\"so-panel widget widget_sow-image panel-first-child panel-last-child\" data-index=\"0\" ><div\n\t\t\t\n\t\t\tclass=\"so-widget-sow-image so-widget-sow-image-default-dbf295114b96-15\"\n\t\t\t\n\t\t>\n\n<div class=\"sow-image-container\">\n\t\t<img loading=\"lazy\" decoding=\"async\" src=\"https:\/\/diebrumanns.ch\/wp-content\/files\/194-See-nach-Regenfront.jpg\" width=\"1400\" height=\"896\" srcset=\"https:\/\/diebrumanns.ch\/wp-content\/files\/194-See-nach-Regenfront.jpg 1400w, https:\/\/diebrumanns.ch\/wp-content\/files\/194-See-nach-Regenfront-300x192.jpg 300w, https:\/\/diebrumanns.ch\/wp-content\/files\/194-See-nach-Regenfront-1024x655.jpg 1024w, https:\/\/diebrumanns.ch\/wp-content\/files\/194-See-nach-Regenfront-768x492.jpg 768w, https:\/\/diebrumanns.ch\/wp-content\/files\/194-See-nach-Regenfront-150x96.jpg 150w\" sizes=\"auto, (max-width: 1400px) 100vw, 1400px\" title=\"194 See nach Regenfront\" alt=\"\" \t\tclass=\"so-widget-image\"\/>\n\t<\/div>\n\n<\/div><\/div><\/div><\/div><div id=\"pg-15-1\"  class=\"panel-grid panel-no-style\" ><div id=\"pgc-15-1-0\"  class=\"panel-grid-cell panel-grid-cell-mobile-last\" ><div id=\"panel-15-1-0-0\" class=\"so-panel widget widget_sow-editor panel-first-child panel-last-child\" data-index=\"1\" ><div\n\t\t\t\n\t\t\tclass=\"so-widget-sow-editor so-widget-sow-editor-base\"\n\t\t\t\n\t\t><h1 class=\"widget-title\">\u00dcber uns<\/h1>\n<div class=\"siteorigin-widget-tinymce textwidget\">\n\t<p>Wir reisen gerne und sind gerne in fremden L\u00e4ndern und fernen Kontinenten unterwegs.<\/p>\n<p>Eines unserer Hobbys ist das Fotografieren. Daher sind \u00fcber die Jahre viele Bilder entstanden.<br \/>\nUnter der Rubrik \"Reisen\" haben wir euch zu den verschiedenen Destinationen unsere besten Fotos hochgeladen. Ihr k\u00f6nnt euch mal durchklicken.<br \/>\nIn Themen findet ihr die besten Fotos zu verschiedenen Themen.<br \/>\nUnter Insider sind f\u00fcr die Familie Brumann und Meier und f\u00fcr die EX-JUWA abgelegt. Hier ist der Zugang nur mit Passwort m\u00f6glich. Bei Bedarf gebe ich dir gerne das entsprechende Passwort.<br \/>\nAnfragen richtet bitte an die E-Mailadresse peter@diebrumanns.ch<\/p>\n<p>Viel Spass<br \/>\nPeter und Daniel Brumann<\/p>\n<\/div>\n<\/div><\/div><\/div><div id=\"pgc-15-1-1\"  class=\"panel-grid-cell panel-grid-cell-empty\" ><\/div><\/div><\/div>","protected":false},"excerpt":{"rendered":"<p>Wir reisen gerne und sind gerne in fremden L\u00e4ndern und fernen Kontinenten unterwegs. Eines unserer Hobbys ist das Fotografieren. Daher sind \u00fcber die Jahre viele Bilder entstanden. Unter der Rubrik &#171;Reisen&#187; haben wir euch zu den verschiedenen Destinationen unsere besten Fotos hochgeladen. Ihr k\u00f6nnt euch mal durchklicken. In Themen findet\u2026<\/p>\n<p> <a class=\"continue-reading-link\" href=\"https:\/\/diebrumanns.ch\/\"><span>Continue reading<\/span><i class=\"crycon-right-dir\"><\/i><\/a> <\/p>\n","protected":false},"author":1,"featured_media":0,"parent":0,"menu_order":0,"comment_status":"closed","ping_status":"closed","template":"","meta":{"_exactmetrics_skip_tracking":false,"_exactmetrics_sitenote_active":false,"_exactmetrics_sitenote_note":"","_exactmetrics_sitenote_category":0,"footnotes":""},"class_list":["post-15","page","type-page","status-publish","hentry"],"_links":{"self":[{"href":"https:\/\/diebrumanns.ch\/index.php\/wp-json\/wp\/v2\/pages\/15","targetHints":{"allow":["GET"]}}],"collection":[{"href":"https:\/\/diebrumanns.ch\/index.php\/wp-json\/wp\/v2\/pages"}],"about":[{"href":"https:\/\/diebrumanns.ch\/index.php\/wp-json\/wp\/v2\/types\/page"}],"author":[{"embeddable":true,"href":"https:\/\/diebrumanns.ch\/index.php\/wp-json\/wp\/v2\/users\/1"}],"replies":[{"embeddable":true,"href":"https:\/\/diebrumanns.ch\/index.php\/wp-json\/wp\/v2\/comments?post=15"}],"version-history":[{"count":211,"href":"https:\/\/diebrumanns.ch\/index.php\/wp-json\/wp\/v2\/pages\/15\/revisions"}],"predecessor-version":[{"id":3562,"href":"https:\/\/diebrumanns.ch\/index.php\/wp-json\/wp\/v2\/pages\/15\/revisions\/3562"}],"wp:attachment":[{"href":"https:\/\/diebrumanns.ch\/index.php\/wp-json\/wp\/v2\/media?parent=15"}],"curies":[{"name":"wp","href":"https:\/\/api.w.org\/{rel}","templated":true}]}}